{"id":2376,"date":"2015-07-01T17:05:21","date_gmt":"2015-07-01T15:05:21","guid":{"rendered":"http:\/\/inercomunicacion.com\/?page_id=2376\/"},"modified":"2017-01-09T18:09:56","modified_gmt":"2017-01-09T17:09:56","slug":"contact","status":"publish","type":"page","link":"https:\/\/inercomunicacion.com\/en\/contact\/","title":{"rendered":"Contact"},"content":{"rendered":"<p>\n<div class=\"wpcf7 no-js\" id=\"wpcf7-f71-o1\" lang=\"es-ES\" dir=\"ltr\">\n<div class=\"screen-reader-response\"><p role=\"status\" aria-live=\"polite\" aria-atomic=\"true\"><\/p> <ul><\/ul><\/div>\n<form action=\"\/en\/wp-json\/wp\/v2\/pages\/2376#wpcf7-f71-o1\" method=\"post\" class=\"wpcf7-form init wpcf7-acceptance-as-validation\" aria-label=\"Formulario de contacto\" novalidate=\"novalidate\" data-status=\"init\">\n<div style=\"display: none;\">\n<input type=\"hidden\" name=\"_wpcf7\" value=\"71\" \/>\n<input type=\"hidden\" name=\"_wpcf7_version\" value=\"5.9.3\" \/>\n<input type=\"hidden\" name=\"_wpcf7_locale\" value=\"es_ES\" \/>\n<input type=\"hidden\" name=\"_wpcf7_unit_tag\" value=\"wpcf7-f71-o1\" \/>\n<input type=\"hidden\" name=\"_wpcf7_container_post\" value=\"0\" \/>\n<input type=\"hidden\" name=\"_wpcf7_posted_data_hash\" value=\"\" \/>\n<input type=\"hidden\" name=\"_wpcf7_recaptcha_response\" value=\"\" \/>\n<\/div>\n<p>Nombre (requerido)<br \/>\n<span class=\"wpcf7-form-control-wrap\" data-name=\"nombre\"><input size=\"30\" class=\"wpcf7-form-control wpcf7-text wpcf7-validates-as-required\" aria-required=\"true\" aria-invalid=\"false\" placeholder=\"Nombre y Apellido\" value=\"\" type=\"text\" name=\"nombre\" \/><\/span>\n<\/p>\n<p>Empresa<br \/>\n<span class=\"wpcf7-form-control-wrap\" data-name=\"empresa\"><input size=\"40\" class=\"wpcf7-form-control wpcf7-text\" aria-invalid=\"false\" placeholder=\"Empresa\" value=\"\" type=\"text\" name=\"empresa\" \/><\/span>\n<\/p>\n<p>Direcci\u00f3n Postal (requerido)<br \/>\n<span class=\"wpcf7-form-control-wrap\" data-name=\"direccion\"><input size=\"40\" class=\"wpcf7-form-control wpcf7-text wpcf7-validates-as-required\" aria-required=\"true\" aria-invalid=\"false\" placeholder=\"Direcci\u00f3n postal\" value=\"\" type=\"text\" name=\"direccion\" \/><\/span>\n<\/p>\n<p>Email (requerido)<br \/>\n<span class=\"wpcf7-form-control-wrap\" data-name=\"email\"><input size=\"40\" class=\"wpcf7-form-control wpcf7-email wpcf7-validates-as-required wpcf7-text wpcf7-validates-as-email\" aria-required=\"true\" aria-invalid=\"false\" placeholder=\"Email\" value=\"\" type=\"email\" name=\"email\" \/><\/span>\n<\/p>\n<p>Tel\u00e9fono (requerido)<br \/>\n<span class=\"wpcf7-form-control-wrap\" data-name=\"telefono\"><input size=\"40\" class=\"wpcf7-form-control wpcf7-text wpcf7-validates-as-required\" aria-required=\"true\" aria-invalid=\"false\" placeholder=\"Tel\u00e9fono\" value=\"\" type=\"text\" name=\"telefono\" \/><\/span>\n<\/p>\n<p>Web<br \/>\n<span class=\"wpcf7-form-control-wrap\" data-name=\"web\"><input size=\"40\" class=\"wpcf7-form-control wpcf7-url wpcf7-text wpcf7-validates-as-url\" aria-invalid=\"false\" placeholder=\"Web\" value=\"\" type=\"url\" name=\"web\" \/><\/span>\n<\/p>\n<p>Mensaje (requerido)<br \/>\n<span class=\"wpcf7-form-control-wrap\" data-name=\"mensaje\"><textarea cols=\"40\" rows=\"10\" class=\"wpcf7-form-control wpcf7-textarea wpcf7-validates-as-required\" aria-required=\"true\" aria-invalid=\"false\" placeholder=\"Escriba su mensaje\" name=\"mensaje\"><\/textarea><\/span>\n<\/p>\n<P style=\"font-size:10px;\"><STRONG>INFORMACI\u00d3N SOBRE PROTECCI\u00d3N DE DATOS<\/strong>\n<\/p>\n<p><strong>Responsable del tratamiento:<\/strong> INERCO CORPORACI\u00d3N EMPRESARIAL, S.L.<strong> Finalidad del tratamiento:<\/strong> Responder a su consulta\/solicitud y gestionar el tipo de relaci\u00f3n que mantiene con nosotros, as\u00ed como informarle sobre futuros eventos, promociones, servicios y\/o productos que puedan ser de su inter\u00e9s por cualquier medio incluyendo medios electr\u00f3nicos. <strong>Legitimaci\u00f3n del tratamiento:<\/strong> Consentimiento del interesado. Inter\u00e9s leg\u00edtimo. <strong>Destinatarios:<\/strong> Se ceder\u00e1n datos a empresas del grupo INERCO para responder a su consulta\/solicitud y gestionar el tipo de relaci\u00f3n que mantiene con nosotros, as\u00ed como informarle sobre futuros eventos, promociones, servicios y\/o productos que puedan ser de su inter\u00e9s por cualquier medio incluyendo medios electr\u00f3nicos. <strong>Derechos:<\/strong> Tiene derecho a acceder, rectificar y suprimir los datos, as\u00ed como otros derechos, como se explica en la informaci\u00f3n adicional. <strong>Informaci\u00f3n adicional:<\/strong> Puede consultar la informaci\u00f3n adicional y detallada sobre Protecci\u00f3n de Datos en (1): la p\u00e1gina web: <a href=\"\/politica-de-privacidad\">www.inercomunicacion.com\/politica-de-privacidad<\/a>.\n<\/p>\n<p><span class=\"wpcf7-form-control-wrap\" data-name=\"acceptance-565\"><span class=\"wpcf7-form-control wpcf7-acceptance\"><span class=\"wpcf7-list-item\"><input type=\"checkbox\" name=\"acceptance-565\" value=\"1\" aria-invalid=\"false\" \/><\/span><\/span><\/span> He le\u00eddo y acepto las condiciones detalladas en la informaci\u00f3n b\u00e1sica sobre protecci\u00f3n de datos que se presenta en la <a href=\"\/politica-de-privacidad\/\">Pol\u00edtica de Privacidad<\/a>.\n<\/p>\n<p><span class=\"wpcf7-form-control-wrap\" data-name=\"acceptance-566\"><span class=\"wpcf7-form-control wpcf7-acceptance\"><span class=\"wpcf7-list-item\"><input type=\"checkbox\" name=\"acceptance-566\" value=\"1\" aria-invalid=\"false\" \/><\/span><\/span><\/span> Deseo recibir informaci\u00f3n sobre futuros eventos, promociones, servicios y\/o productos.\n<\/p>\n\n<p><input class=\"wpcf7-form-control wpcf7-submit has-spinner\" type=\"submit\" value=\"Enviar\" \/>\n<\/p><p style=\"display: none !important;\" class=\"akismet-fields-container\" data-prefix=\"_wpcf7_ak_\"><label>&#916;<textarea name=\"_wpcf7_ak_hp_textarea\" cols=\"45\" rows=\"8\" maxlength=\"100\"><\/textarea><\/label><input type=\"hidden\" id=\"ak_js_1\" name=\"_wpcf7_ak_js\" value=\"125\"\/><script>document.getElementById( \"ak_js_1\" ).setAttribute( \"value\", ( new Date() ).getTime() );<\/script><\/p><div class=\"wpcf7-response-output\" aria-hidden=\"true\"><\/div>\n<\/form>\n<\/div>\n<br \/>\n<iframe style=\"border: 0;\" src=\"https:\/\/www.google.com\/maps\/embed?pb=!1m14!1m8!1m3!1d12676.680431329345!2d-6.005187!3d37.409454!3m2!1i1024!2i768!4f13.1!3m3!1m2!1s0x0%3A0xb5514eac16e699d1!2sINERCO!5e0!3m2!1ses!2ses!4v1436796147976\" width=\"100%\" height=\"450\" frameborder=\"0\" allowfullscreen=\"allowfullscreen\" data-mce-fragment=\"1\"><\/iframe><\/p>\n","protected":false},"excerpt":{"rendered":"","protected":false},"author":1,"featured_media":638,"parent":0,"menu_order":0,"comment_status":"open","ping_status":"open","template":"page_big_featured_image.php","meta":{"footnotes":""},"yoast_head":"<!-- This site is optimized with the Yoast SEO plugin v22.3 - https:\/\/yoast.com\/wordpress\/plugins\/seo\/ -->\n<title>Contact - Inercomunicaci\u00f3n<\/title>\n<meta name=\"robots\" content=\"index, follow, max-snippet:-1, max-image-preview:large, max-video-preview:-1\" \/>\n<link rel=\"canonical\" href=\"https:\/\/inercomunicacion.com\/en\/contact\/\" \/>\n<meta property=\"og:locale\" content=\"en_US\" \/>\n<meta property=\"og:type\" content=\"article\" \/>\n<meta property=\"og:title\" content=\"Contact - Inercomunicaci\u00f3n\" \/>\n<meta property=\"og:url\" content=\"https:\/\/inercomunicacion.com\/en\/contact\/\" \/>\n<meta property=\"og:site_name\" content=\"Inercomunicaci\u00f3n\" \/>\n<meta property=\"article:modified_time\" content=\"2017-01-09T17:09:56+00:00\" \/>\n<meta property=\"og:image\" content=\"https:\/\/inercomunicacion.com\/es\/wp-content\/uploads\/Inercomunicacion_cp.jpg\" \/>\n\t<meta property=\"og:image:width\" content=\"2000\" \/>\n\t<meta property=\"og:image:height\" content=\"1333\" \/>\n\t<meta property=\"og:image:type\" content=\"image\/jpeg\" \/>\n<meta name=\"twitter:card\" content=\"summary_large_image\" \/>\n<meta name=\"twitter:site\" content=\"@Inerco_\" \/>\n<script type=\"application\/ld+json\" class=\"yoast-schema-graph\">{\"@context\":\"https:\/\/schema.org\",\"@graph\":[{\"@type\":\"WebPage\",\"@id\":\"https:\/\/inercomunicacion.com\/en\/contact\/\",\"url\":\"https:\/\/inercomunicacion.com\/en\/contact\/\",\"name\":\"Contact - Inercomunicaci\u00f3n\",\"isPartOf\":{\"@id\":\"https:\/\/inercomunicacion.com\/#website\"},\"primaryImageOfPage\":{\"@id\":\"https:\/\/inercomunicacion.com\/en\/contact\/#primaryimage\"},\"image\":{\"@id\":\"https:\/\/inercomunicacion.com\/en\/contact\/#primaryimage\"},\"thumbnailUrl\":\"https:\/\/inercomunicacion.com\/es\/wp-content\/uploads\/Inercomunicacion_cp.jpg\",\"datePublished\":\"2015-07-01T15:05:21+00:00\",\"dateModified\":\"2017-01-09T17:09:56+00:00\",\"breadcrumb\":{\"@id\":\"https:\/\/inercomunicacion.com\/en\/contact\/#breadcrumb\"},\"inLanguage\":\"en-US\",\"potentialAction\":[{\"@type\":\"ReadAction\",\"target\":[\"https:\/\/inercomunicacion.com\/en\/contact\/\"]}]},{\"@type\":\"ImageObject\",\"inLanguage\":\"en-US\",\"@id\":\"https:\/\/inercomunicacion.com\/en\/contact\/#primaryimage\",\"url\":\"https:\/\/inercomunicacion.com\/es\/wp-content\/uploads\/Inercomunicacion_cp.jpg\",\"contentUrl\":\"https:\/\/inercomunicacion.com\/es\/wp-content\/uploads\/Inercomunicacion_cp.jpg\",\"width\":2000,\"height\":1333},{\"@type\":\"BreadcrumbList\",\"@id\":\"https:\/\/inercomunicacion.com\/en\/contact\/#breadcrumb\",\"itemListElement\":[{\"@type\":\"ListItem\",\"position\":1,\"name\":\"Home\",\"item\":\"https:\/\/inercomunicacion.com\/en\/\"},{\"@type\":\"ListItem\",\"position\":2,\"name\":\"Contact\"}]},{\"@type\":\"WebSite\",\"@id\":\"https:\/\/inercomunicacion.com\/#website\",\"url\":\"https:\/\/inercomunicacion.com\/\",\"name\":\"Inercomunicaci\u00f3n\",\"description\":\"Noticias de INERCO\",\"potentialAction\":[{\"@type\":\"SearchAction\",\"target\":{\"@type\":\"EntryPoint\",\"urlTemplate\":\"https:\/\/inercomunicacion.com\/?s={search_term_string}\"},\"query-input\":\"required name=search_term_string\"}],\"inLanguage\":\"en-US\"}]}<\/script>\n<!-- \/ Yoast SEO plugin. -->","yoast_head_json":{"title":"Contact - Inercomunicaci\u00f3n","robots":{"index":"index","follow":"follow","max-snippet":"max-snippet:-1","max-image-preview":"max-image-preview:large","max-video-preview":"max-video-preview:-1"},"canonical":"https:\/\/inercomunicacion.com\/en\/contact\/","og_locale":"en_US","og_type":"article","og_title":"Contact - Inercomunicaci\u00f3n","og_url":"https:\/\/inercomunicacion.com\/en\/contact\/","og_site_name":"Inercomunicaci\u00f3n","article_modified_time":"2017-01-09T17:09:56+00:00","og_image":[{"width":2000,"height":1333,"url":"https:\/\/inercomunicacion.com\/es\/wp-content\/uploads\/Inercomunicacion_cp.jpg","type":"image\/jpeg"}],"twitter_card":"summary_large_image","twitter_site":"@Inerco_","schema":{"@context":"https:\/\/schema.org","@graph":[{"@type":"WebPage","@id":"https:\/\/inercomunicacion.com\/en\/contact\/","url":"https:\/\/inercomunicacion.com\/en\/contact\/","name":"Contact - Inercomunicaci\u00f3n","isPartOf":{"@id":"https:\/\/inercomunicacion.com\/#website"},"primaryImageOfPage":{"@id":"https:\/\/inercomunicacion.com\/en\/contact\/#primaryimage"},"image":{"@id":"https:\/\/inercomunicacion.com\/en\/contact\/#primaryimage"},"thumbnailUrl":"https:\/\/inercomunicacion.com\/es\/wp-content\/uploads\/Inercomunicacion_cp.jpg","datePublished":"2015-07-01T15:05:21+00:00","dateModified":"2017-01-09T17:09:56+00:00","breadcrumb":{"@id":"https:\/\/inercomunicacion.com\/en\/contact\/#breadcrumb"},"inLanguage":"en-US","potentialAction":[{"@type":"ReadAction","target":["https:\/\/inercomunicacion.com\/en\/contact\/"]}]},{"@type":"ImageObject","inLanguage":"en-US","@id":"https:\/\/inercomunicacion.com\/en\/contact\/#primaryimage","url":"https:\/\/inercomunicacion.com\/es\/wp-content\/uploads\/Inercomunicacion_cp.jpg","contentUrl":"https:\/\/inercomunicacion.com\/es\/wp-content\/uploads\/Inercomunicacion_cp.jpg","width":2000,"height":1333},{"@type":"BreadcrumbList","@id":"https:\/\/inercomunicacion.com\/en\/contact\/#breadcrumb","itemListElement":[{"@type":"ListItem","position":1,"name":"Home","item":"https:\/\/inercomunicacion.com\/en\/"},{"@type":"ListItem","position":2,"name":"Contact"}]},{"@type":"WebSite","@id":"https:\/\/inercomunicacion.com\/#website","url":"https:\/\/inercomunicacion.com\/","name":"Inercomunicaci\u00f3n","description":"Noticias de INERCO","potentialAction":[{"@type":"SearchAction","target":{"@type":"EntryPoint","urlTemplate":"https:\/\/inercomunicacion.com\/?s={search_term_string}"},"query-input":"required name=search_term_string"}],"inLanguage":"en-US"}]}},"_links":{"self":[{"href":"https:\/\/inercomunicacion.com\/en\/wp-json\/wp\/v2\/pages\/2376\/"}],"collection":[{"href":"https:\/\/inercomunicacion.com\/en\/wp-json\/wp\/v2\/pages\/"}],"about":[{"href":"https:\/\/inercomunicacion.com\/en\/wp-json\/wp\/v2\/types\/page\/"}],"author":[{"embeddable":true,"href":"https:\/\/inercomunicacion.com\/en\/wp-json\/wp\/v2\/users\/1\/"}],"replies":[{"embeddable":true,"href":"https:\/\/inercomunicacion.com\/en\/wp-json\/wp\/v2\/comments\/?post=2376"}],"version-history":[{"count":1,"href":"https:\/\/inercomunicacion.com\/en\/wp-json\/wp\/v2\/pages\/2376\/revisions\/"}],"predecessor-version":[{"id":2377,"href":"https:\/\/inercomunicacion.com\/en\/wp-json\/wp\/v2\/pages\/2376\/revisions\/2377\/"}],"wp:featuredmedia":[{"embeddable":true,"href":"https:\/\/inercomunicacion.com\/en\/wp-json\/wp\/v2\/media\/638\/"}],"wp:attachment":[{"href":"https:\/\/inercomunicacion.com\/en\/wp-json\/wp\/v2\/media\/?parent=2376"}],"curies":[{"name":"wp","href":"https:\/\/api.w.org\/{rel}","templated":true}]}}